{"id":1263,"date":"2021-05-17T06:59:53","date_gmt":"2021-05-17T04:59:53","guid":{"rendered":"https:\/\/www.in2spain.com\/sobre-in2spain\/"},"modified":"2022-11-28T10:55:46","modified_gmt":"2022-11-28T09:55:46","slug":"sobre-in2spain","status":"publish","type":"page","link":"https:\/\/www.in2spain.com\/ca\/sobre-in2spain\/","title":{"rendered":"Sobre In2Spain"},"content":{"rendered":"\n<div class=\"wp-block-uagb-container uag-blocks-common-selector uagb-block-26529ebe alignfull uagb-is-root-container\"><div class=\"uagb-container-inner-blocks-wrap\">\n<div class=\"wp-block-uagb-container uagb-block-afb8f130\">\n<div class=\"wp-block-uagb-advanced-heading uagb-block-8be33c94\"><h1 class=\"uagb-heading-text\"><mark class=\"uagb-highlight\">In2Spain<\/mark><\/h1><\/div>\n\n\n\n<div class=\"wp-block-uagb-advanced-heading uagb-block-e5828c3d\"><h2 class=\"uagb-heading-text\"><strong>Olivier L<\/strong>lorca<\/h2><\/div>\n\n\n\n<div class=\"wp-block-uagb-advanced-heading uagb-block-2fb0aa55\"><h4 class=\"uagb-heading-text\"><mark class=\"uagb-highlight\">PARTNER | Fundador <strong>In2Spain<\/strong> Consultores<\/mark><\/h4><\/div>\n\n\n\n<div class=\"wp-block-uagb-icon-list uagb-block-2c442aaf\"><div class=\"uagb-icon-list__wrap\">\n<div class=\"wp-block-uagb-icon-list-child uagb-block-3044fe6c\"><span class=\"uagb-icon-list__source-wrap\"><svg xmlns=\"https:\/\/www.w3.org\/2000\/svg\" viewBox=\"0 0 384 512\"><path d=\"M168.3 499.2C116.1 435 0 279.4 0 192C0 85.96 85.96 0 192 0C298 0 384 85.96 384 192C384 279.4 267 435 215.7 499.2C203.4 514.5 180.6 514.5 168.3 499.2H168.3zM192 256C227.3 256 256 227.3 256 192C256 156.7 227.3 128 192 128C156.7 128 128 156.7 128 192C128 227.3 156.7 256 192 256z\"><\/path><\/svg><\/span><span class=\"uagb-icon-list__label\">Sitges, Barcelona. Espanya<\/span><\/div>\n\n\n\n<div class=\"wp-block-uagb-icon-list-child uagb-block-3ae0a837\"><span class=\"uagb-icon-list__source-wrap\"><svg xmlns=\"https:\/\/www.w3.org\/2000\/svg\" viewBox=\"0 0 512 512\"><path d=\"M511.2 387l-23.25 100.8c-3.266 14.25-15.79 24.22-30.46 24.22C205.2 512 0 306.8 0 54.5c0-14.66 9.969-27.2 24.22-30.45l100.8-23.25C139.7-2.602 154.7 5.018 160.8 18.92l46.52 108.5c5.438 12.78 1.77 27.67-8.98 36.45L144.5 207.1c33.98 69.22 90.26 125.5 159.5 159.5l44.08-53.8c8.688-10.78 23.69-14.51 36.47-8.975l108.5 46.51C506.1 357.2 514.6 372.4 511.2 387z\"><\/path><\/svg><\/span><span class=\"uagb-icon-list__label\">+34 676 958 026<\/span><\/div>\n<\/div><\/div>\n\n\n\n<ul class=\"wp-block-social-links has-normal-icon-size has-icon-color is-style-logos-only is-layout-flex wp-container-core-social-links-is-layout-108957d6 wp-block-social-links-is-layout-flex\"><li style=\"color:var(--ast-global-color-0);\" class=\"wp-social-link wp-social-link-linkedin has-ast-global-color-0-color wp-block-social-link\"><a rel=\"noopener nofollow\" target=\"_blank\" href=\"https:\/\/www.linkedin.com\/in\/olivier-llorca-In2Spain\" class=\"wp-block-social-link-anchor\"><svg width=\"24\" height=\"24\" viewBox=\"0 0 24 24\" version=\"1.1\" xmlns=\"http:\/\/www.w3.org\/2000\/svg\" aria-hidden=\"true\" focusable=\"false\"><path d=\"M19.7,3H4.3C3.582,3,3,3.582,3,4.3v15.4C3,20.418,3.582,21,4.3,21h15.4c0.718,0,1.3-0.582,1.3-1.3V4.3 C21,3.582,20.418,3,19.7,3z M8.339,18.338H5.667v-8.59h2.672V18.338z M7.004,8.574c-0.857,0-1.549-0.694-1.549-1.548 c0-0.855,0.691-1.548,1.549-1.548c0.854,0,1.547,0.694,1.547,1.548C8.551,7.881,7.858,8.574,7.004,8.574z M18.339,18.338h-2.669 v-4.177c0-0.996-0.017-2.278-1.387-2.278c-1.389,0-1.601,1.086-1.601,2.206v4.249h-2.667v-8.59h2.559v1.174h0.037 c0.356-0.675,1.227-1.387,2.526-1.387c2.703,0,3.203,1.779,3.203,4.092V18.338z\"><\/path><\/svg><span class=\"wp-block-social-link-label screen-reader-text\">LinkedIn<\/span><\/a><\/li>\n\n<li style=\"color:var(--ast-global-color-0);\" class=\"wp-social-link wp-social-link-skype has-ast-global-color-0-color wp-block-social-link\"><a rel=\"noopener nofollow\" target=\"_blank\" href=\"https:\/\/join.skype.com\/invite\/JOPYEhPY2h76\" class=\"wp-block-social-link-anchor\"><svg width=\"24\" height=\"24\" viewBox=\"0 0 24 24\" version=\"1.1\" xmlns=\"http:\/\/www.w3.org\/2000\/svg\" aria-hidden=\"true\" focusable=\"false\"><path d=\"M10.113,2.699c0.033-0.006,0.067-0.013,0.1-0.02c0.033,0.017,0.066,0.033,0.098,0.051L10.113,2.699z M2.72,10.223 c-0.006,0.034-0.011,0.069-0.017,0.103c0.018,0.032,0.033,0.064,0.051,0.095L2.72,10.223z M21.275,13.771 c0.007-0.035,0.011-0.071,0.018-0.106c-0.018-0.031-0.033-0.064-0.052-0.095L21.275,13.771z M13.563,21.199 c0.032,0.019,0.065,0.035,0.096,0.053c0.036-0.006,0.071-0.011,0.105-0.017L13.563,21.199z M22,16.386 c0,1.494-0.581,2.898-1.637,3.953c-1.056,1.057-2.459,1.637-3.953,1.637c-0.967,0-1.914-0.251-2.75-0.725 c0.036-0.006,0.071-0.011,0.105-0.017l-0.202-0.035c0.032,0.019,0.065,0.035,0.096,0.053c-0.543,0.096-1.099,0.147-1.654,0.147 c-1.275,0-2.512-0.25-3.676-0.743c-1.125-0.474-2.135-1.156-3.002-2.023c-0.867-0.867-1.548-1.877-2.023-3.002 c-0.493-1.164-0.743-2.401-0.743-3.676c0-0.546,0.049-1.093,0.142-1.628c0.018,0.032,0.033,0.064,0.051,0.095L2.72,10.223 c-0.006,0.034-0.011,0.069-0.017,0.103C2.244,9.5,2,8.566,2,7.615c0-1.493,0.582-2.898,1.637-3.953 c1.056-1.056,2.46-1.638,3.953-1.638c0.915,0,1.818,0.228,2.622,0.655c-0.033,0.007-0.067,0.013-0.1,0.02l0.199,0.031 c-0.032-0.018-0.066-0.034-0.098-0.051c0.002,0,0.003-0.001,0.004-0.001c0.586-0.112,1.187-0.169,1.788-0.169 c1.275,0,2.512,0.249,3.676,0.742c1.124,0.476,2.135,1.156,3.002,2.024c0.868,0.867,1.548,1.877,2.024,3.002 c0.493,1.164,0.743,2.401,0.743,3.676c0,0.575-0.054,1.15-0.157,1.712c-0.018-0.031-0.033-0.064-0.052-0.095l0.034,0.201 c0.007-0.035,0.011-0.071,0.018-0.106C21.754,14.494,22,15.432,22,16.386z M16.817,14.138c0-1.331-0.613-2.743-3.033-3.282 l-2.209-0.49c-0.84-0.192-1.807-0.444-1.807-1.237c0-0.794,0.679-1.348,1.903-1.348c2.468,0,2.243,1.696,3.468,1.696 c0.645,0,1.209-0.379,1.209-1.031c0-1.521-2.435-2.663-4.5-2.663c-2.242,0-4.63,0.952-4.63,3.488c0,1.221,0.436,2.521,2.839,3.123 l2.984,0.745c0.903,0.223,1.129,0.731,1.129,1.189c0,0.762-0.758,1.507-2.129,1.507c-2.679,0-2.307-2.062-3.743-2.062 c-0.645,0-1.113,0.444-1.113,1.078c0,1.236,1.501,2.886,4.856,2.886C15.236,17.737,16.817,16.199,16.817,14.138z\"><\/path><\/svg><span class=\"wp-block-social-link-label screen-reader-text\">Skype<\/span><\/a><\/li><\/ul>\n<\/div>\n\n\n\n<div class=\"wp-block-uagb-container uagb-block-e6c01482\">\n<div class=\"wp-block-uagb-image uagb-block-5186800e wp-block-uagb-image--layout-default wp-block-uagb-image--effect-static wp-block-uagb-image--align-none\"><figure class=\"wp-block-uagb-image__figure\"><img decoding=\"async\" srcset=\"https:\/\/www.in2spain.com\/wp-content\/uploads\/2022\/11\/olivier-llorca-in2spain.jpg , https:\/\/www.in2spain.com\/wp-content\/uploads\/2021\/05\/inner-page-hero-img.jpg 360w\" src=\"https:\/\/www.in2spain.com\/wp-content\/uploads\/2022\/11\/olivier-llorca-in2spain.jpg\" alt=\"\" class=\"uag-image-814\" width=\"530\" height=\"393\" title=\"\" loading=\"lazy\"\/><\/figure><\/div>\n<\/div>\n<\/div><\/div>\n\n\n\n<div class=\"wp-block-uagb-container uagb-block-c89c6404 alignfull uagb-is-root-container\"><div class=\"uagb-container-inner-blocks-wrap\">\n<div class=\"wp-block-uagb-container uagb-block-6a4a4ac4\">\n<div class=\"wp-block-uagb-info-box uagb-block-bb06c0bb uagb-infobox__content-wrap  uagb-infobox-icon-above-title uagb-infobox-image-valign-top\"><div class=\"uagb-ifb-content\"><div class=\"uagb-ifb-title-wrap\"><h3 class=\"uagb-ifb-title\">Experi\u00e8ncia<\/h3><\/div><p class=\"uagb-ifb-desc\"><mark style=\"background-color:rgba(0, 0, 0, 0)\" class=\"has-inline-color has-ast-global-color-0-color\"><strong>Directiu Internacional<\/strong><\/mark>, ha desenvolupat la seva carrera en diverses empreses, destacant el Banc Soci\u00e9t\u00e9 G\u00e9n\u00e9rale al sector bancari com a analista financer i posteriorment m\u00e9s de 20 anys com a CEO de filial d&#8217;empreses a Espanya (Europ Auto Stock, Flauraud, Grup Emil Frey). Ha participat en diverses operacions de compra\/venda d&#8217;empreses.<br><br><strong><mark style=\"background-color:rgba(0, 0, 0, 0)\" class=\"has-inline-color has-ast-global-color-0-color\">Experi\u00e8ncia en diversos pa\u00efsos <\/mark><\/strong>i diversos continents: Europa (Fran\u00e7a, Espanya, B\u00e8lgica, Holanda..), \u00c0sia (Xina, Taiwan), Am\u00e8rica del Sud i Central (Argentina, Costa Rica)<\/p><\/div><\/div>\n\n\n\n<div class=\"wp-block-uagb-info-box uagb-block-35f0ff61 uagb-infobox__content-wrap  uagb-infobox-icon-above-title uagb-infobox-image-valign-top\"><div class=\"uagb-ifb-content\"><div class=\"uagb-ifb-title-wrap\"><h3 class=\"uagb-ifb-title\">Formaci\u00f3<\/h3><\/div><p class=\"uagb-ifb-desc\"><strong><mark style=\"background-color:rgba(0, 0, 0, 0)\" class=\"has-inline-color has-ast-global-color-0-color\">M\u00e0ster<\/mark><\/strong> &#8211; CREA de Saragossa Programa de Direcci\u00f3 General<br><strong><mark style=\"background-color:rgba(0, 0, 0, 0)\" class=\"has-inline-color has-ast-global-color-0-color\">Llicenciat<\/mark><\/strong> en Direcci\u00f3 i Administraci\u00f3 d&#8217;Empreses \u2013 Toulouse Business School, TBS.<\/p><\/div><\/div>\n\n\n\n<div class=\"wp-block-uagb-info-box uagb-block-f812b568 uagb-infobox__content-wrap  uagb-infobox-icon-above-title uagb-infobox-image-valign-top\"><div class=\"uagb-ifb-content\"><div class=\"uagb-ifb-title-wrap\"><h3 class=\"uagb-ifb-title\">Idiomes<\/h3><\/div><p class=\"uagb-ifb-desc\">Franc\u00e8s, Angl\u00e8s, Espanyol<\/p><\/div><\/div>\n<\/div>\n<\/div><\/div>\n\n\n\n<div class=\"wp-block-uagb-container uagb-block-5bdb4b7e alignfull uagb-is-root-container\"><div class=\"uagb-container-inner-blocks-wrap\">\n<div class=\"wp-block-uagb-blockquote uagb-block-b5c1ab7a uagb-blockquote__skin-border uagb-blockquote__stack-img-none\"><blockquote class=\"uagb-blockquote\"><div class=\"uagb-blockquote__content\">&#8220;Coneixedor de primera m\u00e0 del teixit econ\u00f2mic franc\u00e8s i espanyol \u2013 en particular el seu teixit de Pimes \u2013 he decidit amb tota aquesta experi\u00e8ncia crear la meva pr\u00f2pia consultoria \u2013 <strong><mark style=\"background-color:rgba(0, 0, 0, 0)\" class=\"has-inline-color has-ast-global-color-0-color\">In2Spain Consultores<\/mark><\/strong> \u2013 per tal d&#8217;ajudar les empreses espanyoles a desenvolupar i refor\u00e7ar les seves accions d&#8217;exportaci\u00f3 al mercat franc\u00e8s.<br>El m\u00f3n de la Pime m&#8217;apassiona per la riquesa del teixit, el car\u00e0cter apassionat dels seus dirigents, la diversitat de les seves problem\u00e0tiques i sobretot les possibilitats gaireb\u00e9 infinites de millores que pugui tenir.&#8221;<\/div><footer><div class=\"uagb-blockquote__author-wrap uagb-blockquote__author-at-left\"><cite class=\"uagb-blockquote__author\">Olivier Llorca<\/cite><\/div><\/footer><\/blockquote><\/div>\n<\/div><\/div>\n","protected":false},"excerpt":{"rendered":"","protected":false},"author":1,"featured_media":0,"parent":0,"menu_order":0,"comment_status":"closed","ping_status":"closed","template":"","meta":{"_seopress_robots_primary_cat":"","_uag_custom_page_level_css":"","site-sidebar-layout":"no-sidebar","site-content-layout":"plain-container","ast-global-header-display":"","ast-main-header-display":"","ast-hfb-above-header-display":"","ast-hfb-below-header-display":"","ast-hfb-mobile-header-display":"","site-post-title":"disabled","ast-breadcrumbs-content":"","ast-featured-img":"","footer-sml-layout":"","theme-transparent-header-meta":"default","adv-header-id-meta":"","stick-header-meta":"","header-above-stick-meta":"","header-main-stick-meta":"","header-below-stick-meta":"","footnotes":""},"class_list":["post-1263","page","type-page","status-publish","hentry"],"uagb_featured_image_src":{"full":false,"thumbnail":false,"medium":false,"medium_large":false,"large":false,"1536x1536":false,"2048x2048":false},"uagb_author_info":{"display_name":"empiezapori","author_link":"https:\/\/www.in2spain.com\/ca\/author\/empiezapori\/"},"uagb_comment_info":0,"uagb_excerpt":null,"_links":{"self":[{"href":"https:\/\/www.in2spain.com\/ca\/wp-json\/wp\/v2\/pages\/1263","targetHints":{"allow":["GET"]}}],"collection":[{"href":"https:\/\/www.in2spain.com\/ca\/wp-json\/wp\/v2\/pages"}],"about":[{"href":"https:\/\/www.in2spain.com\/ca\/wp-json\/wp\/v2\/types\/page"}],"author":[{"embeddable":true,"href":"https:\/\/www.in2spain.com\/ca\/wp-json\/wp\/v2\/users\/1"}],"replies":[{"embeddable":true,"href":"https:\/\/www.in2spain.com\/ca\/wp-json\/wp\/v2\/comments?post=1263"}],"version-history":[{"count":3,"href":"https:\/\/www.in2spain.com\/ca\/wp-json\/wp\/v2\/pages\/1263\/revisions"}],"predecessor-version":[{"id":1268,"href":"https:\/\/www.in2spain.com\/ca\/wp-json\/wp\/v2\/pages\/1263\/revisions\/1268"}],"wp:attachment":[{"href":"https:\/\/www.in2spain.com\/ca\/wp-json\/wp\/v2\/media?parent=1263"}],"curies":[{"name":"wp","href":"https:\/\/api.w.org\/{rel}","templated":true}]}}